{"id":36,"date":"2019-08-21T10:28:28","date_gmt":"2019-08-21T08:28:28","guid":{"rendered":"https:\/\/ferienhaus-alteschule.de\/wordpress\/?page_id=36"},"modified":"2022-07-09T15:43:43","modified_gmt":"2022-07-09T13:43:43","slug":"impressum-datenschutz__trashed","status":"publish","type":"page","link":"https:\/\/ferienhaus-alteschule.de\/wordpress\/impressum-datenschutz__trashed\/","title":{"rendered":"Impressum \/ Datenschutz"},"content":{"rendered":"\n<p><strong>Verantwortlicher der Seite<\/strong><\/p>\n\n\n\n<p>Ferienhaus &#8222;Alte Schule<\/p>\n\n\n\n<p>Gabi Rech<\/p>\n\n\n\n<p>Talstr. 25<\/p>\n\n\n\n<p>56745 Volkesfeld<\/p>\n\n\n\n<p>\nTel:\n02655-961440<\/p>\n\n\n\n<p>Mobil:\n015903174270<\/p>\n\n\n\n<p><strong>Datenschutz<\/strong><\/p>\n\n\n\n<p>Die Nutzung unserer Webseite ist in der Regel ohne Angabe personenbezogener Daten m\u00f6glich. Soweit auf unseren Seiten personenbezogene Daten (beispielsweise Name, Anschrift oder eMail-Adressen) erhoben werden, erfolgt dies, soweit m\u00f6glich, stets auf freiwilliger Basis. Diese Daten werden ohne Ihre ausdr\u00fcckliche Zustimmung nicht an Dritte weitergegeben.<br>Wir weisen darauf hin, dass die Daten\u00fcbertragung im Internet (z.B. bei der Kommunikation per E-Mail) Sicherheitsl\u00fccken aufweisen kann. Ein l\u00fcckenloser Schutz der Daten vor dem Zugriff durch Dritte ist nicht m\u00f6glich.<br>Der Nutzung von im Rahmen der Impressumspflicht ver\u00f6ffentlichten Kontaktdaten durch Dritte zur \u00dcbersendung von nicht ausdr\u00fccklich angeforderter Werbung und Informationsmaterialien wird hiermit ausdr\u00fccklich widersprochen. Die Betreiber der Seiten behalten sich ausdr\u00fccklich rechtliche Schritte im Falle der unverlangten Zusendung von Werbeinformationen, etwa durch Spam-Mails, vor.<\/p>\n\n\n\n<h4 class=\"wp-block-heading\">Zugriffsdaten<\/h4>\n\n\n\n<p>Wir, der Websitebetreiber bzw. Seitenprovider, erheben (s. Art. 6 Abs. 1 lit. f. DSGVO) Daten \u00fcber Zugriffe auf die Website und speichern diese als \u201eServer-Logfiles\u201c anonymisiert auf dem Server der Website ab. Folgende Daten werden so protokolliert:<\/p>\n\n\n\n<ul class=\"wp-block-list\"><li>Besuchte Teile der Website<\/li><li>Uhrzeit zum Zeitpunkt des Zugriffes<\/li><li>Menge der gesendeten Daten in Byte<\/li><li>Quelle\/Verweis, von welchem Sie auf die Seite gelangten<\/li><li>Verwendeter Browser<\/li><li>Verwendetes Betriebssystem<\/li><li>Verwendete IP-Adresse<\/li><li>L\u00e4nderkennung Provider<\/li><\/ul>\n\n\n\n<p>Die Server-Logfiles werden f\u00fcr maximal 7 Tage gespeichert und anschlie\u00dfend gel\u00f6scht. Die Speicherung der Daten erfolgt aus Sicherheitsgr\u00fcnden, um z. B. Missbrauchsf\u00e4lle aufkl\u00e4ren zu k\u00f6nnen. M\u00fcssen Daten aus Beweisgr\u00fcnden aufgehoben werden, sind sie solange von der L\u00f6schung ausgenommen bis der Vorfall endg\u00fcltig gekl\u00e4rt ist.<\/p>\n\n\n\n<p><strong>Confixx<\/strong><\/p>\n\n\n\n<p>Diese Website nutzt zur Optimierung und Analyse unseres Online-Angebots im Sinne des Art. 6 Abs. 1 lit. f. DSGVO den Dienst \u201eConfixx, welcher von Alfahosting (Ankerstra\u00dfe 3b06108 Halle (Saale) Deutschland HRB: 214733 A)&nbsp;angeboten wird. Der Dienst (Confixx) verwendet \u201eCookies\u201c \u2013 Textdateien, welche auf Ihrem Endger\u00e4t gespeichert werden.<\/p>\n\n\n\n<p>Die von Alfahosting in unserem Auftrag erhobenen Daten werden genutzt, um die Nutzung unseres Online-Angebots durch die einzelnen Nutzer auswerten zu k\u00f6nnen, z. B. um Reports \u00fcber die Aktivit\u00e4t auf der Website zu erstellen, um unser Online-Angebot zu verbessern.<\/p>\n\n\n\n<p>Sie haben die M\u00f6glichkeit, die Speicherung der Cookies auf Ihrem Ger\u00e4t zu verhindern, indem Sie in Ihrem Browser entsprechende Einstellungen vornehmen. Es ist nicht gew\u00e4hrleistet, dass Sie auf alle Funktionen dieser Website ohne Einschr\u00e4nkungen zugreifen k\u00f6nnen, wenn Ihr Browser keine Cookies zul\u00e4sst.<\/p>\n\n\n\n<p>Weiterhin k\u00f6nnen Sie durch ein Browser-Plugin verhindern, dass die durch Cookies gesammelten Informationen (inklusive Ihrer IP-Adresse) an Alfahosting gesendet und von Alfahostung genutzt werden. Folgender Link f\u00fchrt Sie zu dem entsprechenden Plugin:&nbsp;<a href=\"https:\/\/tools.google.com\/dlpage\/gaoptout?hl=de\">https:\/\/tools.google.com\/dlpage\/gaoptout?hl=de<\/a><\/p>\n\n\n\n<h4 class=\"wp-block-heading\">Reichweitenmessung &amp; Cookies<\/h4>\n\n\n\n<p>Diese Website verwendet Cookies zur vereinfachten Anmeldung (nach Registrierung), zur pseudonymisierten Reichweitenmessung, die entweder von unserem Server oder dem Server Dritter an den Browser des Nutzers \u00fcbertragen werden. Bei Cookies handelt es sich um kleine Dateien, welche auf Ihrem Endger\u00e4t gespeichert werden. Ihr Browser greift auf diese Dateien zu. Durch den Einsatz von Cookies erh\u00f6ht sich die Benutzerfreundlichkeit und Sicherheit dieser Website.<\/p>\n\n\n\n<p>Falls Sie nicht m\u00f6chten, dass Cookies zur Reichweitenmessung auf Ihrem Endger\u00e4t gespeichert werden, k\u00f6nnen Sie dem Einsatz dieser Dateien hier widersprechen:<\/p>\n\n\n\n<ul class=\"wp-block-list\"><li>Cookie-Deaktivierungsseite der Netzwerkwerbeinitiative:&nbsp;<a href=\"http:\/\/optout.networkadvertising.org\/?c=1#!\/\">http:\/\/optout.networkadvertising.org\/?c=1#!\/<\/a><\/li><li>Cookie-Deaktivierungsseite der US-amerikanischen Website:&nbsp;<a href=\"http:\/\/optout.aboutads.info\/?c=2#!\/\">http:\/\/optout.aboutads.info\/?c=2#!\/<\/a><\/li><li>Cookie-Deaktivierungsseite der europ\u00e4ischen Website:&nbsp;<a href=\"http:\/\/optout.networkadvertising.org\/?c=1#!\/\">http:\/\/optout.networkadvertising.org\/?c=1#!\/<\/a><\/li><\/ul>\n\n\n\n<p>G\u00e4ngige Browser bieten die Einstellungsoption, Cookies nicht zuzulassen. Hinweis: Es ist nicht gew\u00e4hrleistet, dass Sie auf alle Funktionen dieser Website ohne Einschr\u00e4nkungen zugreifen k\u00f6nnen, wenn Sie entsprechende Einstellungen vornehmen.<\/p>\n\n\n\n<p><strong>Google Maps \/ Analytics<\/strong><\/p>\n\n\n\n<p>Diese Website benutzt Google Maps, einen Web-Kartendienst der Google Inc. (\u201eGoogle\u201c). Google Maps verwendet sog. \u201eCookies\u201c, Textdateien, die auf Ihrem Computer gespeichert werden und die eine Analyse der Benutzung der Website durch Sie erm\u00f6glichen. Die durch den Cookie erzeugten Informationen \u00fcber Ihre Benutzung dieser Website werden in der Regel an einen Server von Google in den USA \u00fcbertragen und dort gespeichert. Im Falle der Aktivierung der IP-Anonymisierung auf dieser Webseite wird Ihre IP-Adresse von Google jedoch innerhalb von Mitgliedstaaten der Europ\u00e4ischen Union oder in anderen Vertragsstaaten des Abkommens \u00fcber den Europ\u00e4ischen Wirtschaftsraum zuvor gek\u00fcrzt.<\/p>\n\n\n\n<p>Nur in Ausnahmef\u00e4llen wird die volle IP-Adresse an einen Server von Google in den USA \u00fcbertragen und dort gek\u00fcrzt. Im Auftrag des Betreibers dieser Website wird Google diese Informationen benutzen, um Ihre Nutzung der Website auszuwerten, um Reports \u00fcber die Websiteaktivit\u00e4ten zusammenzustellen und um weitere mit der Websitenutzung und der Internetnutzung verbundene Dienstleistungen gegen\u00fcber dem Websitebetreiber zu erbringen. Die im Rahmen von Google Analytics von Ihrem Browser \u00fcbermittelte IP-Adresse wird nicht mit anderen Daten von Google zusammengef\u00fchrt.<\/p>\n\n\n\n<p>Sie k\u00f6nnen die Speicherung der Cookies durch eine entsprechende Einstellung Ihrer Browser-Software verhindern; wir weisen Sie jedoch darauf hin, dass Sie in diesem Fall gegebenenfalls nicht s\u00e4mtliche Funktionen dieser Website vollumf\u00e4nglich werden nutzen k\u00f6nnen. Sie k\u00f6nnen dar\u00fcber hinaus die Erfassung der durch das Cookie erzeugten und auf Ihre Nutzung der Website bezogenen Daten (inkl. Ihrer IP-Adresse) an Google sowie die Verarbeitung dieser Daten durch Google verhindern, indem sie das unter dem folgenden Link verf\u00fcgbare Browser-Plugin herunterladen und installieren: tools.google.com\/dlpage\/gaoptout.<\/p>\n","protected":false},"excerpt":{"rendered":"<p>Verantwortlicher der Seite Ferienhaus &#8222;Alte Schule Gabi Rech Talstr. 25 56745 Volkesfeld Tel: 02655-961440 Mobil: 015903174270 Datenschutz Die Nutzung unserer Webseite ist in der Regel ohne Angabe personenbezogener Daten m\u00f6glich. Soweit auf unseren Seiten personenbezogene Daten (beispielsweise Name, Anschrift oder <a href=\"https:\/\/ferienhaus-alteschule.de\/wordpress\/impressum-datenschutz__trashed\/\" class=\"read-more\">Weiterlesen<\/a><\/p>\n","protected":false},"author":2,"featured_media":0,"parent":0,"menu_order":0,"comment_status":"closed","ping_status":"closed","template":"","meta":{"ngg_post_thumbnail":0,"footnotes":""},"class_list":["post-36","page","type-page","status-publish","hentry"],"_links":{"self":[{"href":"https:\/\/ferienhaus-alteschule.de\/wordpress\/wp-json\/wp\/v2\/pages\/36","targetHints":{"allow":["GET"]}}],"collection":[{"href":"https:\/\/ferienhaus-alteschule.de\/wordpress\/wp-json\/wp\/v2\/pages"}],"about":[{"href":"https:\/\/ferienhaus-alteschule.de\/wordpress\/wp-json\/wp\/v2\/types\/page"}],"author":[{"embeddable":true,"href":"https:\/\/ferienhaus-alteschule.de\/wordpress\/wp-json\/wp\/v2\/users\/2"}],"replies":[{"embeddable":true,"href":"https:\/\/ferienhaus-alteschule.de\/wordpress\/wp-json\/wp\/v2\/comments?post=36"}],"version-history":[{"count":0,"href":"https:\/\/ferienhaus-alteschule.de\/wordpress\/wp-json\/wp\/v2\/pages\/36\/revisions"}],"wp:attachment":[{"href":"https:\/\/ferienhaus-alteschule.de\/wordpress\/wp-json\/wp\/v2\/media?parent=36"}],"curies":[{"name":"wp","href":"https:\/\/api.w.org\/{rel}","templated":true}]}}